{"id":1329,"date":"2020-10-06T15:30:30","date_gmt":"2020-10-06T15:30:30","guid":{"rendered":"https:\/\/aslforum.com\/?post_type=product&#038;p=1329"},"modified":"2021-07-30T16:41:55","modified_gmt":"2021-07-30T16:41:55","slug":"yds_arapca","status":"publish","type":"product","link":"https:\/\/aslforum.com\/tr\/urun\/yds_arapca\/","title":{"rendered":"YDS&#038;Y\u00d6KD\u0130L ARAP\u00c7A KURSU"},"content":{"rendered":"<div class=\"elementor-element elementor-element-fb0354a elementor-widget elementor-widget-heading\" data-id=\"fb0354a\" data-element_type=\"widget\" data-widget_type=\"heading.default\">\n<div class=\"elementor-widget-container\">\n<p><span style=\"color: #000080;\">KURS HEDEFLER\u0130<\/span><\/p>\n<\/div>\n<\/div>\n<div class=\"elementor-element elementor-element-8c8eb8d elementor-widget elementor-widget-text-editor\" data-id=\"8c8eb8d\" data-element_type=\"widget\" data-widget_type=\"text-editor.default\">\n<div class=\"elementor-widget-container\">\n<div class=\"elementor-text-editor elementor-clearfix\">\n<p>S\u0131nav Stratejileri ve \u0130leri D\u00fczey S\u0131nav Teknikleri<\/p>\n<p>Soru \u00c7\u00f6z\u00fcmleri ve Soru \u00dczerinde Anlat\u0131mlar\u0131<\/p>\n<p>En \u00f6nemli ba\u011fla\u00e7 ve \u00a0Kelimeler ile Paragraf Analizleri<\/p>\n<p>YDS Gramer Anlat\u0131mlar\u0131<\/p>\n<p>S\u0131navda s\u0131kl\u0131kla sorulan kal\u0131plar<\/p>\n<p>Arap\u00e7a t\u00fcmce sistemi<\/p>\n<\/div>\n<\/div>\n<\/div>\n<div class=\"elementor-element elementor-element-37846b3 elementor-widget elementor-widget-heading\" data-id=\"37846b3\" data-element_type=\"widget\" data-widget_type=\"heading.default\">\n<div class=\"elementor-widget-container\">\n<p class=\"elementor-heading-title elementor-size-medium\"><span style=\"color: #000080;\">KURS G\u00dcN VE SAATLERI<\/span><\/p>\n<\/div>\n<\/div>\n<div class=\"elementor-element elementor-element-e418cc2 elementor-widget elementor-widget-text-editor\" data-id=\"e418cc2\" data-element_type=\"widget\" data-widget_type=\"text-editor.default\">\n<div class=\"elementor-widget-container\">\n<div class=\"elementor-text-editor elementor-clearfix\">\n<p>Sal\u0131 \u2013 Per\u015fembe \u2013 Cuma<\/p>\n<p>13 Ekim \u2013 11 Aral\u0131k<\/p>\n<p>Saat 20: 00 \u2013 22: 00<\/p>\n<p>8 hafta: 48 saat<\/p>\n<\/div>\n<\/div>\n<\/div>\n<div class=\"elementor-element elementor-element-c58c34a elementor-widget elementor-widget-heading\" data-id=\"c58c34a\" data-element_type=\"widget\" data-widget_type=\"heading.default\">\n<div class=\"elementor-widget-container\">\n<p class=\"elementor-heading-title elementor-size-medium\"><span style=\"color: #000080;\">HOCAMIZ<\/span><\/p>\n<\/div>\n<\/div>\n<div class=\"elementor-element elementor-element-22aa24c elementor-widget elementor-widget-text-editor\" data-id=\"22aa24c\" data-element_type=\"widget\" data-widget_type=\"text-editor.default\">\n<div class=\"elementor-widget-container\">\n<div class=\"elementor-text-editor elementor-clearfix\">\n<p>Dr. \u00d6\u011fr. \u00dcyesi Abd\u00fclcevad Hardan<\/p>\n<p>KSU \u2013 \u0130lahiyat Fak\u00fcltesi<\/p>\n<\/div>\n<\/div>\n<\/div>","protected":false},"excerpt":{"rendered":"<p>KURS HEDEFLER\u0130 S\u0131nav Stratejileri ve \u0130leri D\u00fczey S\u0131nav Teknikleri Soru \u00c7\u00f6z\u00fcmleri ve Soru \u00dczerinde Anlat\u0131mlar\u0131 En \u00f6nemli ba\u011fla\u00e7 ve \u00a0Kelimeler ile Paragraf Analizleri YDS Gramer Anlat\u0131mlar\u0131 S\u0131navda s\u0131kl\u0131kla sorulan kal\u0131plar Arap\u00e7a t\u00fcmce sistemi KURS G\u00dcN VE SAATLERI Sal\u0131 \u2013 Per\u015fembe \u2013 Cuma 13 Ekim \u2013 11 Aral\u0131k Saat 20: 00 \u2013 22: 00 8 hafta: [&hellip;]<\/p>\n","protected":false},"featured_media":1324,"template":"","meta":{"ocean_post_layout":"","ocean_both_sidebars_style":"","ocean_both_sidebars_content_width":0,"ocean_both_sidebars_sidebars_width":0,"ocean_sidebar":"0","ocean_second_sidebar":"0","ocean_disable_margins":"enable","ocean_add_body_class":"","ocean_shortcode_before_top_bar":"","ocean_shortcode_after_top_bar":"","ocean_shortcode_before_header":"","ocean_shortcode_after_header":"","ocean_has_shortcode":"","ocean_shortcode_after_title":"","ocean_shortcode_before_footer_widgets":"","ocean_shortcode_after_footer_widgets":"","ocean_shortcode_before_footer_bottom":"","ocean_shortcode_after_footer_bottom":"","ocean_display_top_bar":"default","ocean_display_header":"default","ocean_header_style":"","ocean_center_header_left_menu":"0","ocean_custom_header_template":"0","ocean_custom_logo":0,"ocean_custom_retina_logo":0,"ocean_custom_logo_max_width":0,"ocean_custom_logo_tablet_max_width":0,"ocean_custom_logo_mobile_max_width":0,"ocean_custom_logo_max_height":0,"ocean_custom_logo_tablet_max_height":0,"ocean_custom_logo_mobile_max_height":0,"ocean_header_custom_menu":"0","ocean_menu_typo_font_family":"0","ocean_menu_typo_font_subset":"","ocean_menu_typo_font_size":0,"ocean_menu_typo_font_size_tablet":0,"ocean_menu_typo_font_size_mobile":0,"ocean_menu_typo_font_size_unit":"px","ocean_menu_typo_font_weight":"","ocean_menu_typo_font_weight_tablet":"","ocean_menu_typo_font_weight_mobile":"","ocean_menu_typo_transform":"","ocean_menu_typo_transform_tablet":"","ocean_menu_typo_transform_mobile":"","ocean_menu_typo_line_height":0,"ocean_menu_typo_line_height_tablet":0,"ocean_menu_typo_line_height_mobile":0,"ocean_menu_typo_line_height_unit":"","ocean_menu_typo_spacing":0,"ocean_menu_typo_spacing_tablet":0,"ocean_menu_typo_spacing_mobile":0,"ocean_menu_typo_spacing_unit":"","ocean_menu_link_color":"","ocean_menu_link_color_hover":"","ocean_menu_link_color_active":"","ocean_menu_link_background":"","ocean_menu_link_hover_background":"","ocean_menu_link_active_background":"","ocean_menu_social_links_bg":"","ocean_menu_social_hover_links_bg":"","ocean_menu_social_links_color":"","ocean_menu_social_hover_links_color":"","ocean_disable_title":"default","ocean_disable_heading":"default","ocean_post_title":"","ocean_post_subheading":"","ocean_post_title_style":"","ocean_post_title_background_color":"","ocean_post_title_background":0,"ocean_post_title_bg_image_position":"","ocean_post_title_bg_image_attachment":"","ocean_post_title_bg_image_repeat":"","ocean_post_title_bg_image_size":"","ocean_post_title_height":0,"ocean_post_title_bg_overlay":0.5,"ocean_post_title_bg_overlay_color":"","ocean_disable_breadcrumbs":"default","ocean_breadcrumbs_color":"","ocean_breadcrumbs_separator_color":"","ocean_breadcrumbs_links_color":"","ocean_breadcrumbs_links_hover_color":"","ocean_display_footer_widgets":"default","ocean_display_footer_bottom":"default","ocean_custom_footer_template":"0"},"product_brand":[],"product_cat":[28],"product_tag":[30,31],"class_list":{"0":"post-1329","1":"product","2":"type-product","3":"status-publish","4":"has-post-thumbnail","6":"product_cat-courses","7":"product_tag-yds-english","8":"product_tag-yokdil-english","10":"entry","11":"has-media","13":"first","14":"outofstock","15":"sale","16":"virtual","17":"taxable","18":"purchasable","19":"product-type-simple","20":"col","21":"span_1_of_3","22":"owp-content-center","23":"owp-thumbs-layout-horizontal","24":"owp-btn-normal","25":"owp-tabs-layout-horizontal"},"yoast_head":"<!-- This site is optimized with the Yoast SEO plugin v27.3 - https:\/\/yoast.com\/product\/yoast-seo-wordpress\/ -->\n<title>YDS&amp;Y\u00d6KD\u0130L ARAP\u00c7A KURSU - \u0627\u0644\u0645\u0646\u062a\u062f\u0649 \u0627\u0644\u0639\u0631\u0628\u064a \u0627\u0644\u062a\u0631\u0643\u064a \u0644\u0644\u062a\u0628\u0627\u062f\u0644 \u0627\u0644\u0644\u063a\u0648\u064a<\/title>\n<meta name=\"robots\" content=\"index, follow, max-snippet:-1, max-image-preview:large, max-video-preview:-1\" \/>\n<link rel=\"canonical\" href=\"https:\/\/aslforum.com\/tr\/urun\/yds_arapca\/\" \/>\n<meta property=\"og:locale\" content=\"tr_TR\" \/>\n<meta property=\"og:type\" content=\"article\" \/>\n<meta property=\"og:title\" content=\"YDS&amp;Y\u00d6KD\u0130L ARAP\u00c7A KURSU - \u0627\u0644\u0645\u0646\u062a\u062f\u0649 \u0627\u0644\u0639\u0631\u0628\u064a \u0627\u0644\u062a\u0631\u0643\u064a \u0644\u0644\u062a\u0628\u0627\u062f\u0644 \u0627\u0644\u0644\u063a\u0648\u064a\" \/>\n<meta property=\"og:description\" content=\"KURS HEDEFLER\u0130 S\u0131nav Stratejileri ve \u0130leri D\u00fczey S\u0131nav Teknikleri Soru \u00c7\u00f6z\u00fcmleri ve Soru \u00dczerinde Anlat\u0131mlar\u0131 En \u00f6nemli ba\u011fla\u00e7 ve \u00a0Kelimeler ile Paragraf Analizleri YDS Gramer Anlat\u0131mlar\u0131 S\u0131navda s\u0131kl\u0131kla sorulan kal\u0131plar Arap\u00e7a t\u00fcmce sistemi KURS G\u00dcN VE SAATLERI Sal\u0131 \u2013 Per\u015fembe \u2013 Cuma 13 Ekim \u2013 11 Aral\u0131k Saat 20: 00 \u2013 22: 00 8 hafta: [&hellip;]\" \/>\n<meta property=\"og:url\" content=\"https:\/\/aslforum.com\/tr\/urun\/yds_arapca\/\" \/>\n<meta property=\"og:site_name\" content=\"\u0627\u0644\u0645\u0646\u062a\u062f\u0649 \u0627\u0644\u0639\u0631\u0628\u064a \u0627\u0644\u062a\u0631\u0643\u064a \u0644\u0644\u062a\u0628\u0627\u062f\u0644 \u0627\u0644\u0644\u063a\u0648\u064a\" \/>\n<meta property=\"article:publisher\" content=\"https:\/\/www.facebook.com\/atfconf\/\" \/>\n<meta property=\"article:modified_time\" content=\"2021-07-30T16:41:55+00:00\" \/>\n<meta property=\"og:image\" content=\"https:\/\/aslforum.com\/wp-content\/uploads\/2020\/10\/Arapca_YDS.jpg\" \/>\n\t<meta property=\"og:image:width\" content=\"1753\" \/>\n\t<meta property=\"og:image:height\" content=\"2480\" \/>\n\t<meta property=\"og:image:type\" content=\"image\/jpeg\" \/>\n<meta name=\"twitter:card\" content=\"summary_large_image\" \/>\n<script type=\"application\/ld+json\" class=\"yoast-schema-graph\">{\"@context\":\"https:\\\/\\\/schema.org\",\"@graph\":[{\"@type\":\"WebPage\",\"@id\":\"https:\\\/\\\/aslforum.com\\\/product\\\/yds_arapca\\\/\",\"url\":\"https:\\\/\\\/aslforum.com\\\/product\\\/yds_arapca\\\/\",\"name\":\"YDS&Y\u00d6KD\u0130L ARAP\u00c7A KURSU - \u0627\u0644\u0645\u0646\u062a\u062f\u0649 \u0627\u0644\u0639\u0631\u0628\u064a \u0627\u0644\u062a\u0631\u0643\u064a \u0644\u0644\u062a\u0628\u0627\u062f\u0644 \u0627\u0644\u0644\u063a\u0648\u064a\",\"isPartOf\":{\"@id\":\"https:\\\/\\\/aslforum.com\\\/#website\"},\"primaryImageOfPage\":{\"@id\":\"https:\\\/\\\/aslforum.com\\\/product\\\/yds_arapca\\\/#primaryimage\"},\"image\":{\"@id\":\"https:\\\/\\\/aslforum.com\\\/product\\\/yds_arapca\\\/#primaryimage\"},\"thumbnailUrl\":\"https:\\\/\\\/aslforum.com\\\/wp-content\\\/uploads\\\/2020\\\/10\\\/Arapca_YDS.jpg\",\"datePublished\":\"2020-10-06T15:30:30+00:00\",\"dateModified\":\"2021-07-30T16:41:55+00:00\",\"breadcrumb\":{\"@id\":\"https:\\\/\\\/aslforum.com\\\/product\\\/yds_arapca\\\/#breadcrumb\"},\"inLanguage\":\"tr\",\"potentialAction\":[{\"@type\":\"ReadAction\",\"target\":[\"https:\\\/\\\/aslforum.com\\\/product\\\/yds_arapca\\\/\"]}]},{\"@type\":\"ImageObject\",\"inLanguage\":\"tr\",\"@id\":\"https:\\\/\\\/aslforum.com\\\/product\\\/yds_arapca\\\/#primaryimage\",\"url\":\"https:\\\/\\\/aslforum.com\\\/wp-content\\\/uploads\\\/2020\\\/10\\\/Arapca_YDS.jpg\",\"contentUrl\":\"https:\\\/\\\/aslforum.com\\\/wp-content\\\/uploads\\\/2020\\\/10\\\/Arapca_YDS.jpg\",\"width\":1753,\"height\":2480,\"caption\":\"YDS & Y\u00d6KD\u0130L ARAP\u00c7A KURSU\"},{\"@type\":\"BreadcrumbList\",\"@id\":\"https:\\\/\\\/aslforum.com\\\/product\\\/yds_arapca\\\/#breadcrumb\",\"itemListElement\":[{\"@type\":\"ListItem\",\"position\":1,\"name\":\"Home\",\"item\":\"https:\\\/\\\/aslforum.com\\\/\"},{\"@type\":\"ListItem\",\"position\":2,\"name\":\"\u0635\u0641\u062d\u0629 \u0627\u0644\u0645\u0646\u062a\u062c\u0627\u062a\",\"item\":\"https:\\\/\\\/aslforum.com\\\/tr\\\/%d8%b5%d9%81%d8%ad%d8%a9-%d8%a7%d9%84%d9%85%d9%86%d8%aa%d8%ac%d8%a7%d8%aa\\\/\"},{\"@type\":\"ListItem\",\"position\":3,\"name\":\"YDS&#038;Y\u00d6KD\u0130L ARAP\u00c7A KURSU\"}]},{\"@type\":\"WebSite\",\"@id\":\"https:\\\/\\\/aslforum.com\\\/#website\",\"url\":\"https:\\\/\\\/aslforum.com\\\/\",\"name\":\"\u0627\u0644\u0645\u0646\u062a\u062f\u0649 \u0627\u0644\u0639\u0631\u0628\u064a \u0627\u0644\u062a\u0631\u0643\u064a \u0644\u0644\u062a\u0628\u0627\u062f\u0644 \u0627\u0644\u0644\u063a\u0648\u064a\",\"description\":\"\u0645\u0631\u0643\u0632 \u0623\u0628\u062d\u0627\u062b \u0648\u0628\u064a\u062a \u062e\u0628\u0631\u0629 \u0631\u0627\u0626\u062f \u0641\u064a \u0645\u062c\u0627\u0644 \u0627\u0644\u0639\u0631\u0628\u064a\u0629 \u0644\u063a\u0629 \u062b\u0627\u0646\u064a\u0629\",\"publisher\":{\"@id\":\"https:\\\/\\\/aslforum.com\\\/#organization\"},\"potentialAction\":[{\"@type\":\"SearchAction\",\"target\":{\"@type\":\"EntryPoint\",\"urlTemplate\":\"https:\\\/\\\/aslforum.com\\\/?s={search_term_string}\"},\"query-input\":{\"@type\":\"PropertyValueSpecification\",\"valueRequired\":true,\"valueName\":\"search_term_string\"}}],\"inLanguage\":\"tr\"},{\"@type\":\"Organization\",\"@id\":\"https:\\\/\\\/aslforum.com\\\/#organization\",\"name\":\"\u0627\u0644\u0645\u0646\u062a\u062f\u0649 \u0627\u0644\u0639\u0631\u0628\u064a \u0627\u0644\u062a\u0631\u0643\u064a \u0644\u0644\u062a\u0628\u0627\u062f\u0644 \u0627\u0644\u0644\u063a\u0648\u064a\",\"url\":\"https:\\\/\\\/aslforum.com\\\/\",\"logo\":{\"@type\":\"ImageObject\",\"inLanguage\":\"tr\",\"@id\":\"https:\\\/\\\/aslforum.com\\\/#\\\/schema\\\/logo\\\/image\\\/\",\"url\":\"https:\\\/\\\/aslforum.com\\\/wp-content\\\/uploads\\\/2020\\\/04\\\/logo.png\",\"contentUrl\":\"https:\\\/\\\/aslforum.com\\\/wp-content\\\/uploads\\\/2020\\\/04\\\/logo.png\",\"width\":600,\"height\":600,\"caption\":\"\u0627\u0644\u0645\u0646\u062a\u062f\u0649 \u0627\u0644\u0639\u0631\u0628\u064a \u0627\u0644\u062a\u0631\u0643\u064a \u0644\u0644\u062a\u0628\u0627\u062f\u0644 \u0627\u0644\u0644\u063a\u0648\u064a\"},\"image\":{\"@id\":\"https:\\\/\\\/aslforum.com\\\/#\\\/schema\\\/logo\\\/image\\\/\"},\"sameAs\":[\"https:\\\/\\\/www.facebook.com\\\/atfconf\\\/\",\"https:\\\/\\\/www.youtube.com\\\/user\\\/Arabicliveschool\\\/videos\"]}]}<\/script>\n<!-- \/ Yoast SEO plugin. -->","yoast_head_json":{"title":"YDS&Y\u00d6KD\u0130L ARAP\u00c7A KURSU - \u0627\u0644\u0645\u0646\u062a\u062f\u0649 \u0627\u0644\u0639\u0631\u0628\u064a \u0627\u0644\u062a\u0631\u0643\u064a \u0644\u0644\u062a\u0628\u0627\u062f\u0644 \u0627\u0644\u0644\u063a\u0648\u064a","robots":{"index":"index","follow":"follow","max-snippet":"max-snippet:-1","max-image-preview":"max-image-preview:large","max-video-preview":"max-video-preview:-1"},"canonical":"https:\/\/aslforum.com\/tr\/urun\/yds_arapca\/","og_locale":"tr_TR","og_type":"article","og_title":"YDS&Y\u00d6KD\u0130L ARAP\u00c7A KURSU - \u0627\u0644\u0645\u0646\u062a\u062f\u0649 \u0627\u0644\u0639\u0631\u0628\u064a \u0627\u0644\u062a\u0631\u0643\u064a \u0644\u0644\u062a\u0628\u0627\u062f\u0644 \u0627\u0644\u0644\u063a\u0648\u064a","og_description":"KURS HEDEFLER\u0130 S\u0131nav Stratejileri ve \u0130leri D\u00fczey S\u0131nav Teknikleri Soru \u00c7\u00f6z\u00fcmleri ve Soru \u00dczerinde Anlat\u0131mlar\u0131 En \u00f6nemli ba\u011fla\u00e7 ve \u00a0Kelimeler ile Paragraf Analizleri YDS Gramer Anlat\u0131mlar\u0131 S\u0131navda s\u0131kl\u0131kla sorulan kal\u0131plar Arap\u00e7a t\u00fcmce sistemi KURS G\u00dcN VE SAATLERI Sal\u0131 \u2013 Per\u015fembe \u2013 Cuma 13 Ekim \u2013 11 Aral\u0131k Saat 20: 00 \u2013 22: 00 8 hafta: [&hellip;]","og_url":"https:\/\/aslforum.com\/tr\/urun\/yds_arapca\/","og_site_name":"\u0627\u0644\u0645\u0646\u062a\u062f\u0649 \u0627\u0644\u0639\u0631\u0628\u064a \u0627\u0644\u062a\u0631\u0643\u064a \u0644\u0644\u062a\u0628\u0627\u062f\u0644 \u0627\u0644\u0644\u063a\u0648\u064a","article_publisher":"https:\/\/www.facebook.com\/atfconf\/","article_modified_time":"2021-07-30T16:41:55+00:00","og_image":[{"width":1753,"height":2480,"url":"https:\/\/aslforum.com\/wp-content\/uploads\/2020\/10\/Arapca_YDS.jpg","type":"image\/jpeg"}],"twitter_card":"summary_large_image","schema":{"@context":"https:\/\/schema.org","@graph":[{"@type":"WebPage","@id":"https:\/\/aslforum.com\/product\/yds_arapca\/","url":"https:\/\/aslforum.com\/product\/yds_arapca\/","name":"YDS&Y\u00d6KD\u0130L ARAP\u00c7A KURSU - \u0627\u0644\u0645\u0646\u062a\u062f\u0649 \u0627\u0644\u0639\u0631\u0628\u064a \u0627\u0644\u062a\u0631\u0643\u064a \u0644\u0644\u062a\u0628\u0627\u062f\u0644 \u0627\u0644\u0644\u063a\u0648\u064a","isPartOf":{"@id":"https:\/\/aslforum.com\/#website"},"primaryImageOfPage":{"@id":"https:\/\/aslforum.com\/product\/yds_arapca\/#primaryimage"},"image":{"@id":"https:\/\/aslforum.com\/product\/yds_arapca\/#primaryimage"},"thumbnailUrl":"https:\/\/aslforum.com\/wp-content\/uploads\/2020\/10\/Arapca_YDS.jpg","datePublished":"2020-10-06T15:30:30+00:00","dateModified":"2021-07-30T16:41:55+00:00","breadcrumb":{"@id":"https:\/\/aslforum.com\/product\/yds_arapca\/#breadcrumb"},"inLanguage":"tr","potentialAction":[{"@type":"ReadAction","target":["https:\/\/aslforum.com\/product\/yds_arapca\/"]}]},{"@type":"ImageObject","inLanguage":"tr","@id":"https:\/\/aslforum.com\/product\/yds_arapca\/#primaryimage","url":"https:\/\/aslforum.com\/wp-content\/uploads\/2020\/10\/Arapca_YDS.jpg","contentUrl":"https:\/\/aslforum.com\/wp-content\/uploads\/2020\/10\/Arapca_YDS.jpg","width":1753,"height":2480,"caption":"YDS & Y\u00d6KD\u0130L ARAP\u00c7A KURSU"},{"@type":"BreadcrumbList","@id":"https:\/\/aslforum.com\/product\/yds_arapca\/#breadcrumb","itemListElement":[{"@type":"ListItem","position":1,"name":"Home","item":"https:\/\/aslforum.com\/"},{"@type":"ListItem","position":2,"name":"\u0635\u0641\u062d\u0629 \u0627\u0644\u0645\u0646\u062a\u062c\u0627\u062a","item":"https:\/\/aslforum.com\/tr\/%d8%b5%d9%81%d8%ad%d8%a9-%d8%a7%d9%84%d9%85%d9%86%d8%aa%d8%ac%d8%a7%d8%aa\/"},{"@type":"ListItem","position":3,"name":"YDS&#038;Y\u00d6KD\u0130L ARAP\u00c7A KURSU"}]},{"@type":"WebSite","@id":"https:\/\/aslforum.com\/#website","url":"https:\/\/aslforum.com\/","name":"ARAP\u00c7A T\u00dcRK\u00c7E D\u0130L PAYLA\u015eIM FORUMU","description":"\u0645\u0631\u0643\u0632 \u0623\u0628\u062d\u0627\u062b \u0648\u0628\u064a\u062a \u062e\u0628\u0631\u0629 \u0631\u0627\u0626\u062f \u0641\u064a \u0645\u062c\u0627\u0644 \u0627\u0644\u0639\u0631\u0628\u064a\u0629 \u0644\u063a\u0629 \u062b\u0627\u0646\u064a\u0629","publisher":{"@id":"https:\/\/aslforum.com\/#organization"},"potentialAction":[{"@type":"SearchAction","target":{"@type":"EntryPoint","urlTemplate":"https:\/\/aslforum.com\/?s={search_term_string}"},"query-input":{"@type":"PropertyValueSpecification","valueRequired":true,"valueName":"search_term_string"}}],"inLanguage":"tr"},{"@type":"Organization","@id":"https:\/\/aslforum.com\/#organization","name":"ARAP\u00c7A T\u00dcRK\u00c7E D\u0130L PAYLA\u015eIM FORUMU","url":"https:\/\/aslforum.com\/","logo":{"@type":"ImageObject","inLanguage":"tr","@id":"https:\/\/aslforum.com\/#\/schema\/logo\/image\/","url":"https:\/\/aslforum.com\/wp-content\/uploads\/2020\/04\/logo.png","contentUrl":"https:\/\/aslforum.com\/wp-content\/uploads\/2020\/04\/logo.png","width":600,"height":600,"caption":"\u0627\u0644\u0645\u0646\u062a\u062f\u0649 \u0627\u0644\u0639\u0631\u0628\u064a \u0627\u0644\u062a\u0631\u0643\u064a \u0644\u0644\u062a\u0628\u0627\u062f\u0644 \u0627\u0644\u0644\u063a\u0648\u064a"},"image":{"@id":"https:\/\/aslforum.com\/#\/schema\/logo\/image\/"},"sameAs":["https:\/\/www.facebook.com\/atfconf\/","https:\/\/www.youtube.com\/user\/Arabicliveschool\/videos"]}]}},"_links":{"self":[{"href":"https:\/\/aslforum.com\/tr\/wp-json\/wp\/v2\/product\/1329","targetHints":{"allow":["GET"]}}],"collection":[{"href":"https:\/\/aslforum.com\/tr\/wp-json\/wp\/v2\/product"}],"about":[{"href":"https:\/\/aslforum.com\/tr\/wp-json\/wp\/v2\/types\/product"}],"wp:featuredmedia":[{"embeddable":true,"href":"https:\/\/aslforum.com\/tr\/wp-json\/wp\/v2\/media\/1324"}],"wp:attachment":[{"href":"https:\/\/aslforum.com\/tr\/wp-json\/wp\/v2\/media?parent=1329"}],"wp:term":[{"taxonomy":"product_brand","embeddable":true,"href":"https:\/\/aslforum.com\/tr\/wp-json\/wp\/v2\/product_brand?post=1329"},{"taxonomy":"product_cat","embeddable":true,"href":"https:\/\/aslforum.com\/tr\/wp-json\/wp\/v2\/product_cat?post=1329"},{"taxonomy":"product_tag","embeddable":true,"href":"https:\/\/aslforum.com\/tr\/wp-json\/wp\/v2\/product_tag?post=1329"}],"curies":[{"name":"wp","href":"https:\/\/api.w.org\/{rel}","templated":true}]}}